{"id":1245,"date":"2022-01-31T22:17:11","date_gmt":"2022-01-31T22:17:11","guid":{"rendered":"https:\/\/msja.me\/?page_id=1245"},"modified":"2023-12-14T23:24:56","modified_gmt":"2023-12-14T23:24:56","slug":"press","status":"publish","type":"page","link":"https:\/\/msja.me\/al\/press\/","title":{"rendered":"Press clipping"},"content":{"rendered":"<div class=\"wp-block-cover alignfull\" style=\"min-height:384px;aspect-ratio:unset;\"><span aria-hidden=\"true\" class=\"wp-block-cover__background has-ast-global-color-2-background-color has-background-dim-70 has-background-dim\"><\/span><img loading=\"lazy\" decoding=\"async\" width=\"2560\" height=\"1707\" class=\"wp-block-cover__image-background wp-image-1335\" alt=\"\" src=\"https:\/\/msja.me\/wp-content\/uploads\/2022\/02\/pressmedia-scaled.jpg\" data-object-fit=\"cover\" srcset=\"https:\/\/msja.me\/wp-content\/uploads\/2022\/02\/pressmedia-scaled.jpg 2560w, https:\/\/msja.me\/wp-content\/uploads\/2022\/02\/pressmedia-300x200.jpg 300w, https:\/\/msja.me\/wp-content\/uploads\/2022\/02\/pressmedia-1024x683.jpg 1024w, https:\/\/msja.me\/wp-content\/uploads\/2022\/02\/pressmedia-768x512.jpg 768w, https:\/\/msja.me\/wp-content\/uploads\/2022\/02\/pressmedia-1536x1024.jpg 1536w, https:\/\/msja.me\/wp-content\/uploads\/2022\/02\/pressmedia-2048x1365.jpg 2048w\" sizes=\"auto, (max-width: 2560px) 100vw, 2560px\" \/><div class=\"wp-block-cover__inner-container is-layout-flow wp-block-cover-is-layout-flow\">\n<h1 class=\"wp-block-heading has-text-align-center has-white-color has-text-color\" id=\"press-clipping\">Press clipping<\/h1>\n<\/div><\/div>\n\n\n\n<div class=\"inherit-container-width wp-block-group alignfull has-ast-global-color-5-background-color has-background is-layout-constrained wp-block-group-is-layout-constrained\"><div class=\"wp-block-group__inner-container\">\n<div class=\"wp-block-columns is-layout-flex wp-container-core-columns-is-layout-28f84493 wp-block-columns-is-layout-flex\">\n<div class=\"wp-block-column is-layout-flow wp-block-column-is-layout-flow\">\n<figure class=\"wp-block-embed is-type-video is-provider-youtube wp-block-embed-youtube wp-embed-aspect-16-9 wp-has-aspect-ratio\"><div class=\"wp-block-embed__wrapper\">\n<iframe loading=\"lazy\" title=\"BOJE JUTRA - Solana donatorsko ve\u010de | Vijesti Online\" width=\"500\" height=\"281\" src=\"https:\/\/www.youtube.com\/embed\/d1jpXs-NW3s?feature=oembed\" frameborder=\"0\" allow=\"accelerometer; autoplay; clipboard-write; encrypted-media; gyroscope; picture-in-picture; web-share\" referrerpolicy=\"strict-origin-when-cross-origin\" allowfullscreen><\/iframe>\n<\/div><figcaption class=\"wp-element-caption\">BOJE JUTRA &#8211; Solana donatorsko ve\u010de | Vijesti Online 12.10.2022.<\/figcaption><\/figure>\n<\/div>\n\n\n\n<div class=\"wp-block-column is-layout-flow wp-block-column-is-layout-flow\">\n<figure class=\"wp-block-embed is-type-video is-provider-youtube wp-block-embed-youtube wp-embed-aspect-16-9 wp-has-aspect-ratio\"><div class=\"wp-block-embed__wrapper\">\n<iframe loading=\"lazy\" title=\"Donatorsko ve\u010de za Solanu\" width=\"500\" height=\"281\" src=\"https:\/\/www.youtube.com\/embed\/74cYzYVJgbk?feature=oembed\" frameborder=\"0\" allow=\"accelerometer; autoplay; clipboard-write; encrypted-media; gyroscope; picture-in-picture; web-share\" referrerpolicy=\"strict-origin-when-cross-origin\" allowfullscreen><\/iframe>\n<\/div><figcaption class=\"wp-element-caption\">Donatorsko ve\u010de za Solanu 12.10.2022.<\/figcaption><\/figure>\n<\/div>\n\n\n\n<div class=\"wp-block-column is-layout-flow wp-block-column-is-layout-flow\">\n<figure class=\"wp-block-embed is-type-video is-provider-youtube wp-block-embed-youtube wp-embed-aspect-16-9 wp-has-aspect-ratio\"><div class=\"wp-block-embed__wrapper\">\n<iframe loading=\"lazy\" title=\"Focus: Zhvillimi i foodnected n\u00eb Ulqin mund\u00ebsit\u00eb dhe benefitet\" width=\"500\" height=\"281\" src=\"https:\/\/www.youtube.com\/embed\/qzt-CbdGWVM?feature=oembed\" frameborder=\"0\" allow=\"accelerometer; autoplay; clipboard-write; encrypted-media; gyroscope; picture-in-picture; web-share\" referrerpolicy=\"strict-origin-when-cross-origin\" allowfullscreen><\/iframe>\n<\/div><figcaption class=\"wp-element-caption\">Fokus: Razvoj Foodnecteda u Ulcinju, mogu\u0107nosti i prednosti<\/figcaption><\/figure>\n<\/div>\n<\/div>\n\n\n\n<div class=\"wp-block-columns is-layout-flex wp-container-core-columns-is-layout-28f84493 wp-block-columns-is-layout-flex\">\n<div class=\"wp-block-column is-layout-flow wp-block-column-is-layout-flow\"><div class=\"vlp-link-container vlp-layout-spotlight wp-block-visual-link-preview-link\"><a href=\"https:\/\/portalulcinj.me\/info\/ociscen-kanal-solane-bajraktari-porucio-da-ce-se-opstina-proaktivno-baviti-ovim-prostorom\/\" class=\"vlp-link\" title=\"O\u010di\u0161\u0107en kanal Solane, Bajraktari poru\u010dio da \u0107e se Op\u0161tina proaktivno baviti ovim prostorom\" rel=\"nofollow\" target=\"_blank\"><\/a><div class=\"vlp-layout-zone-side\"><div class=\"vlp-block-4 vlp-link-image\"><img decoding=\"async\" src=\"https:\/\/portalulcinj.me\/wp-content\/uploads\/2022\/06\/20220605_100431-scaled.jpg\" style=\"max-width: 1024px; max-height: 1024px\" \/><\/div><\/div><div class=\"vlp-layout-zone-main\"><div class=\"vlp-block-0 vlp-link-title\">O\u010di\u0161\u0107en kanal Solane, Bajraktari poru\u010dio da \u0107e se Op\u0161tina proaktivno baviti ovim prostorom<\/div><div class=\"vlp-block-1 vlp-link-summary\">\u010ci\u0161\u0107enjem Solanskog kanala u Crnoj Gori je obilje\u017een Me\u0111unarodni Dan za\u0161tite \u017eivotne sredine.<\/div><div class=\"vlp-block-2 vlp-link-button\">Lexoni M\u00eb Tep\u00ebr<\/div><div class=\"vlp-block-3 vlp-link-url\">portalulcinj.me<\/div><\/div><\/div><\/div>\n\n\n\n<div class=\"wp-block-column is-layout-flow wp-block-column-is-layout-flow\">\n<figure class=\"wp-block-embed is-type-video is-provider-youtube wp-block-embed-youtube wp-embed-aspect-16-9 wp-has-aspect-ratio\"><div class=\"wp-block-embed__wrapper\">\n<iframe loading=\"lazy\" title=\"BOJE JUTRA - Najava \u010di\u0161\u0107enja solarnog kanala | Vijesti Online\" width=\"500\" height=\"281\" src=\"https:\/\/www.youtube.com\/embed\/51as9yprPTE?feature=oembed\" frameborder=\"0\" allow=\"accelerometer; autoplay; clipboard-write; encrypted-media; gyroscope; picture-in-picture; web-share\" referrerpolicy=\"strict-origin-when-cross-origin\" allowfullscreen><\/iframe>\n<\/div><figcaption class=\"wp-element-caption\">BOJE JUTRA &#8211; Najava \u010di\u0161\u0107enja solarnog kanala<\/figcaption><\/figure>\n<\/div>\n\n\n\n<div class=\"wp-block-column is-layout-flow wp-block-column-is-layout-flow\">\n<figure class=\"wp-block-embed is-type-video is-provider-youtube wp-block-embed-youtube wp-embed-aspect-16-9 wp-has-aspect-ratio\"><div class=\"wp-block-embed__wrapper\">\n<iframe loading=\"lazy\" title=\"BOJE JUTRA - Ulcinj, grad ptica | Vijesti Online\" width=\"500\" height=\"281\" src=\"https:\/\/www.youtube.com\/embed\/xaU_yf6hWRs?feature=oembed\" frameborder=\"0\" allow=\"accelerometer; autoplay; clipboard-write; encrypted-media; gyroscope; picture-in-picture; web-share\" referrerpolicy=\"strict-origin-when-cross-origin\" allowfullscreen><\/iframe>\n<\/div><figcaption class=\"wp-element-caption\">BOJE JUTRA &#8211; Ulcinj, grad ptica<\/figcaption><\/figure>\n<\/div>\n<\/div>\n\n\n\n<div class=\"wp-block-columns is-layout-flex wp-container-core-columns-is-layout-28f84493 wp-block-columns-is-layout-flex\">\n<div class=\"wp-block-column is-layout-flow wp-block-column-is-layout-flow\"><div class=\"vlp-link-container vlp-layout-spotlight wp-block-visual-link-preview-link\"><a href=\"https:\/\/feral.bar\/post\/12393\" class=\"vlp-link\" title=\"Ulcinjski srednjo\u0161kolci pokazali izuzetan talenat i ljubav prema Solani\" rel=\"nofollow\" target=\"_blank\"><\/a><div class=\"vlp-layout-zone-side\"><div class=\"vlp-block-4 vlp-link-image\"><img decoding=\"async\" src=\"https:\/\/feral.bar\/posts\/feral-bar-1644102433_IMG-8f0e6c2a2271f2da1d7e01914c628cf0-V-1.jpg\" style=\"max-width: 1024px; max-height: 1024px\" \/><\/div><\/div><div class=\"vlp-layout-zone-main\"><div class=\"vlp-block-0 vlp-link-title\">Ulcinjski srednjo\u0161kolci pokazali izuzetan talenat i ljubav prema Solani<\/div><div class=\"vlp-block-1 vlp-link-summary\">Ulcinjski srednjo\u0161kolci pokazali izuzetan talenat i ljubav prema Solani<\/div><div class=\"vlp-block-2 vlp-link-button\">Lexoni M\u00eb Tep\u00ebr<\/div><div class=\"vlp-block-3 vlp-link-url\">feral.bar<\/div><\/div><\/div><\/div>\n\n\n\n<div class=\"wp-block-column is-layout-flow wp-block-column-is-layout-flow\">\n<figure class=\"wp-block-embed is-type-video is-provider-youtube wp-block-embed-youtube wp-embed-aspect-16-9 wp-has-aspect-ratio\"><div class=\"wp-block-embed__wrapper\">\n<iframe loading=\"lazy\" title=\"BOJE JUTRA - Svjetski dan mo\u010dvara | Vijesti Online\" width=\"500\" height=\"281\" src=\"https:\/\/www.youtube.com\/embed\/z13-kDFXV5Y?feature=oembed\" frameborder=\"0\" allow=\"accelerometer; autoplay; clipboard-write; encrypted-media; gyroscope; picture-in-picture; web-share\" referrerpolicy=\"strict-origin-when-cross-origin\" allowfullscreen><\/iframe>\n<\/div><figcaption class=\"wp-element-caption\">BOJE JUTRA &#8211; Svjetski dan mo\u010dvara<\/figcaption><\/figure>\n<\/div>\n\n\n\n<div class=\"wp-block-column is-layout-flow wp-block-column-is-layout-flow\"><\/div>\n<\/div>\n<\/div><\/div>\n\n\n\n<p><\/p>","protected":false},"excerpt":{"rendered":"","protected":false},"author":1,"featured_media":0,"parent":0,"menu_order":0,"comment_status":"closed","ping_status":"closed","template":"","meta":{"_uag_custom_page_level_css":"","site-sidebar-layout":"no-sidebar","site-content-layout":"plain-container","ast-site-content-layout":"normal-width-container","site-content-style":"unboxed","site-sidebar-style":"unboxed","ast-global-header-display":"","ast-banner-title-visibility":"","ast-main-header-display":"","ast-hfb-above-header-display":"","ast-hfb-below-header-display":"","ast-hfb-mobile-header-display":"","site-post-title":"disabled","ast-breadcrumbs-content":"","ast-featured-img":"","footer-sml-layout":"","ast-disable-related-posts":"","theme-transparent-header-meta":"enabled","adv-header-id-meta":"","stick-header-meta":"","header-above-stick-meta":"","header-main-stick-meta":"","header-below-stick-meta":"","astra-migrate-meta-layouts":"set","ast-page-background-enabled":"default","ast-page-background-meta":{"desktop":{"background-color":"","background-image":"","background-repeat":"repeat","background-position":"center center","background-size":"auto","background-attachment":"scroll","background-type":"","background-media":"","overlay-type":"","overlay-color":"","overlay-opacity":"","overlay-gradient":""},"tablet":{"background-color":"","background-image":"","background-repeat":"repeat","background-position":"center center","background-size":"auto","background-attachment":"scroll","background-type":"","background-media":"","overlay-type":"","overlay-color":"","overlay-opacity":"","overlay-gradient":""},"mobile":{"background-color":"","background-image":"","background-repeat":"repeat","background-position":"center center","background-size":"auto","background-attachment":"scroll","background-type":"","background-media":"","overlay-type":"","overlay-color":"","overlay-opacity":"","overlay-gradient":""}},"ast-content-background-meta":{"desktop":{"background-color":"var(--ast-global-color-5)","background-image":"","background-repeat":"repeat","background-position":"center center","background-size":"auto","background-attachment":"scroll","background-type":"","background-media":"","overlay-type":"","overlay-color":"","overlay-opacity":"","overlay-gradient":""},"tablet":{"background-color":"var(--ast-global-color-5)","background-image":"","background-repeat":"repeat","background-position":"center center","background-size":"auto","background-attachment":"scroll","background-type":"","background-media":"","overlay-type":"","overlay-color":"","overlay-opacity":"","overlay-gradient":""},"mobile":{"background-color":"var(--ast-global-color-5)","background-image":"","background-repeat":"repeat","background-position":"center center","background-size":"auto","background-attachment":"scroll","background-type":"","background-media":"","overlay-type":"","overlay-color":"","overlay-opacity":"","overlay-gradient":""}},"footnotes":""},"class_list":["post-1245","page","type-page","status-publish","hentry"],"yoast_head":"<!-- This site is optimized with the Yoast SEO plugin v27.3 - https:\/\/yoast.com\/product\/yoast-seo-wordpress\/ -->\n<title>Press clipping<\/title>\n<meta name=\"description\" content=\"Press clipping - Ovdje mo\u017eete prona\u0107i najnovije \u010dlanke, intervjue i medijske sadr\u017eaje koji se odnose na na\u0161e aktivnosti, projekte i postignu\u0107a.\" \/>\n<meta name=\"robots\" content=\"index, follow, max-snippet:-1, max-image-preview:large, max-video-preview:-1\" \/>\n<link rel=\"canonical\" href=\"https:\/\/msja.me\/al\/press\/\" \/>\n<meta property=\"og:locale\" content=\"sq_AL\" \/>\n<meta property=\"og:type\" content=\"article\" \/>\n<meta property=\"og:title\" content=\"Press clipping\" \/>\n<meta property=\"og:description\" content=\"Press clipping - Ovdje mo\u017eete prona\u0107i najnovije \u010dlanke, intervjue i medijske sadr\u017eaje koji se odnose na na\u0161e aktivnosti, projekte i postignu\u0107a.\" \/>\n<meta property=\"og:url\" content=\"https:\/\/msja.me\/al\/press\/\" \/>\n<meta property=\"og:site_name\" content=\"MSJA - Dr. Martin Schneider-Jacoby Association\" \/>\n<meta property=\"article:publisher\" content=\"https:\/\/www.facebook.com\/ulcinjsalina\/\" \/>\n<meta property=\"article:modified_time\" content=\"2023-12-14T23:24:56+00:00\" \/>\n<meta property=\"og:image\" content=\"https:\/\/msja.me\/wp-content\/uploads\/2022\/02\/pressmedia-scaled.jpg\" \/>\n<meta name=\"twitter:card\" content=\"summary_large_image\" \/>\n<meta name=\"twitter:label1\" content=\"Est. reading time\" \/>\n\t<meta name=\"twitter:data1\" content=\"1 minut\u00eb\" \/>\n<script type=\"application\/ld+json\" class=\"yoast-schema-graph\">{\"@context\":\"https:\\\/\\\/schema.org\",\"@graph\":[{\"@type\":\"WebPage\",\"@id\":\"https:\\\/\\\/msja.me\\\/press\\\/\",\"url\":\"https:\\\/\\\/msja.me\\\/press\\\/\",\"name\":\"Press clipping\",\"isPartOf\":{\"@id\":\"https:\\\/\\\/msja.me\\\/#website\"},\"primaryImageOfPage\":{\"@id\":\"https:\\\/\\\/msja.me\\\/press\\\/#primaryimage\"},\"image\":{\"@id\":\"https:\\\/\\\/msja.me\\\/press\\\/#primaryimage\"},\"thumbnailUrl\":\"https:\\\/\\\/msja.me\\\/wp-content\\\/uploads\\\/2022\\\/02\\\/pressmedia-scaled.jpg\",\"datePublished\":\"2022-01-31T22:17:11+00:00\",\"dateModified\":\"2023-12-14T23:24:56+00:00\",\"description\":\"Press clipping - Ovdje mo\u017eete prona\u0107i najnovije \u010dlanke, intervjue i medijske sadr\u017eaje koji se odnose na na\u0161e aktivnosti, projekte i postignu\u0107a.\",\"breadcrumb\":{\"@id\":\"https:\\\/\\\/msja.me\\\/press\\\/#breadcrumb\"},\"inLanguage\":\"sq\",\"potentialAction\":[{\"@type\":\"ReadAction\",\"target\":[\"https:\\\/\\\/msja.me\\\/press\\\/\"]}]},{\"@type\":\"ImageObject\",\"inLanguage\":\"sq\",\"@id\":\"https:\\\/\\\/msja.me\\\/press\\\/#primaryimage\",\"url\":\"https:\\\/\\\/msja.me\\\/wp-content\\\/uploads\\\/2022\\\/02\\\/pressmedia-scaled.jpg\",\"contentUrl\":\"https:\\\/\\\/msja.me\\\/wp-content\\\/uploads\\\/2022\\\/02\\\/pressmedia-scaled.jpg\"},{\"@type\":\"BreadcrumbList\",\"@id\":\"https:\\\/\\\/msja.me\\\/press\\\/#breadcrumb\",\"itemListElement\":[{\"@type\":\"ListItem\",\"position\":1,\"name\":\"Home\",\"item\":\"https:\\\/\\\/msja.me\\\/\"},{\"@type\":\"ListItem\",\"position\":2,\"name\":\"Press clipping\"}]},{\"@type\":\"WebSite\",\"@id\":\"https:\\\/\\\/msja.me\\\/#website\",\"url\":\"https:\\\/\\\/msja.me\\\/\",\"name\":\"MSJA - Dr. Martin Schneider-Jacoby Association\",\"description\":\"Environmental NGO located in Ulcinj, Montenegro.\",\"publisher\":{\"@id\":\"https:\\\/\\\/msja.me\\\/#organization\"},\"alternateName\":\"MSJA\",\"potentialAction\":[{\"@type\":\"SearchAction\",\"target\":{\"@type\":\"EntryPoint\",\"urlTemplate\":\"https:\\\/\\\/msja.me\\\/?s={search_term_string}\"},\"query-input\":{\"@type\":\"PropertyValueSpecification\",\"valueRequired\":true,\"valueName\":\"search_term_string\"}}],\"inLanguage\":\"sq\"},{\"@type\":\"Organization\",\"@id\":\"https:\\\/\\\/msja.me\\\/#organization\",\"name\":\"Dr. Martin Schneider-Jacoby Association\",\"alternateName\":\"MSJA\",\"url\":\"https:\\\/\\\/msja.me\\\/\",\"logo\":{\"@type\":\"ImageObject\",\"inLanguage\":\"sq\",\"@id\":\"https:\\\/\\\/msja.me\\\/#\\\/schema\\\/logo\\\/image\\\/\",\"url\":\"https:\\\/\\\/msja.me\\\/wp-content\\\/uploads\\\/2022\\\/01\\\/cropped-msja-logo.png\",\"contentUrl\":\"https:\\\/\\\/msja.me\\\/wp-content\\\/uploads\\\/2022\\\/01\\\/cropped-msja-logo.png\",\"width\":512,\"height\":512,\"caption\":\"Dr. Martin Schneider-Jacoby Association\"},\"image\":{\"@id\":\"https:\\\/\\\/msja.me\\\/#\\\/schema\\\/logo\\\/image\\\/\"},\"sameAs\":[\"https:\\\/\\\/www.facebook.com\\\/ulcinjsalina\\\/\",\"https:\\\/\\\/www.instagram.com\\\/msja_mne\\\/\",\"https:\\\/\\\/www.youtube.com\\\/channel\\\/UCZ7GTzl04_l__1NP2r_bqIw\"]}]}<\/script>\n<!-- \/ Yoast SEO plugin. -->","yoast_head_json":{"title":"Press clipping","description":"Press clipping - Ovdje mo\u017eete prona\u0107i najnovije \u010dlanke, intervjue i medijske sadr\u017eaje koji se odnose na na\u0161e aktivnosti, projekte i postignu\u0107a.","robots":{"index":"index","follow":"follow","max-snippet":"max-snippet:-1","max-image-preview":"max-image-preview:large","max-video-preview":"max-video-preview:-1"},"canonical":"https:\/\/msja.me\/al\/press\/","og_locale":"sq_AL","og_type":"article","og_title":"Press clipping","og_description":"Press clipping - Ovdje mo\u017eete prona\u0107i najnovije \u010dlanke, intervjue i medijske sadr\u017eaje koji se odnose na na\u0161e aktivnosti, projekte i postignu\u0107a.","og_url":"https:\/\/msja.me\/al\/press\/","og_site_name":"MSJA - Dr. Martin Schneider-Jacoby Association","article_publisher":"https:\/\/www.facebook.com\/ulcinjsalina\/","article_modified_time":"2023-12-14T23:24:56+00:00","og_image":[{"url":"https:\/\/msja.me\/wp-content\/uploads\/2022\/02\/pressmedia-scaled.jpg","type":"","width":"","height":""}],"twitter_card":"summary_large_image","twitter_misc":{"Est. reading time":"1 minut\u00eb"},"schema":{"@context":"https:\/\/schema.org","@graph":[{"@type":"WebPage","@id":"https:\/\/msja.me\/press\/","url":"https:\/\/msja.me\/press\/","name":"Press clipping","isPartOf":{"@id":"https:\/\/msja.me\/#website"},"primaryImageOfPage":{"@id":"https:\/\/msja.me\/press\/#primaryimage"},"image":{"@id":"https:\/\/msja.me\/press\/#primaryimage"},"thumbnailUrl":"https:\/\/msja.me\/wp-content\/uploads\/2022\/02\/pressmedia-scaled.jpg","datePublished":"2022-01-31T22:17:11+00:00","dateModified":"2023-12-14T23:24:56+00:00","description":"Press clipping - Ovdje mo\u017eete prona\u0107i najnovije \u010dlanke, intervjue i medijske sadr\u017eaje koji se odnose na na\u0161e aktivnosti, projekte i postignu\u0107a.","breadcrumb":{"@id":"https:\/\/msja.me\/press\/#breadcrumb"},"inLanguage":"sq","potentialAction":[{"@type":"ReadAction","target":["https:\/\/msja.me\/press\/"]}]},{"@type":"ImageObject","inLanguage":"sq","@id":"https:\/\/msja.me\/press\/#primaryimage","url":"https:\/\/msja.me\/wp-content\/uploads\/2022\/02\/pressmedia-scaled.jpg","contentUrl":"https:\/\/msja.me\/wp-content\/uploads\/2022\/02\/pressmedia-scaled.jpg"},{"@type":"BreadcrumbList","@id":"https:\/\/msja.me\/press\/#breadcrumb","itemListElement":[{"@type":"ListItem","position":1,"name":"Home","item":"https:\/\/msja.me\/"},{"@type":"ListItem","position":2,"name":"Press clipping"}]},{"@type":"WebSite","@id":"https:\/\/msja.me\/#website","url":"https:\/\/msja.me\/","name":"MSJA - Dr. Martin Schneider-Jacoby Association","description":"Environmental NGO located in Ulcinj, Montenegro.","publisher":{"@id":"https:\/\/msja.me\/#organization"},"alternateName":"MSJA","potentialAction":[{"@type":"SearchAction","target":{"@type":"EntryPoint","urlTemplate":"https:\/\/msja.me\/?s={search_term_string}"},"query-input":{"@type":"PropertyValueSpecification","valueRequired":true,"valueName":"search_term_string"}}],"inLanguage":"sq"},{"@type":"Organization","@id":"https:\/\/msja.me\/#organization","name":"Dr. Martin Schneider-Jacoby Association","alternateName":"MSJA","url":"https:\/\/msja.me\/","logo":{"@type":"ImageObject","inLanguage":"sq","@id":"https:\/\/msja.me\/#\/schema\/logo\/image\/","url":"https:\/\/msja.me\/wp-content\/uploads\/2022\/01\/cropped-msja-logo.png","contentUrl":"https:\/\/msja.me\/wp-content\/uploads\/2022\/01\/cropped-msja-logo.png","width":512,"height":512,"caption":"Dr. Martin Schneider-Jacoby Association"},"image":{"@id":"https:\/\/msja.me\/#\/schema\/logo\/image\/"},"sameAs":["https:\/\/www.facebook.com\/ulcinjsalina\/","https:\/\/www.instagram.com\/msja_mne\/","https:\/\/www.youtube.com\/channel\/UCZ7GTzl04_l__1NP2r_bqIw"]}]}},"uagb_featured_image_src":{"full":false,"thumbnail":false,"medium":false,"medium_large":false,"large":false,"1536x1536":false,"2048x2048":false,"trp-custom-language-flag":false},"uagb_author_info":{"display_name":"MSJA","author_link":"https:\/\/msja.me\/al\/author\/admin\/"},"uagb_comment_info":0,"uagb_excerpt":null,"_links":{"self":[{"href":"https:\/\/msja.me\/al\/wp-json\/wp\/v2\/pages\/1245","targetHints":{"allow":["GET"]}}],"collection":[{"href":"https:\/\/msja.me\/al\/wp-json\/wp\/v2\/pages"}],"about":[{"href":"https:\/\/msja.me\/al\/wp-json\/wp\/v2\/types\/page"}],"author":[{"embeddable":true,"href":"https:\/\/msja.me\/al\/wp-json\/wp\/v2\/users\/1"}],"replies":[{"embeddable":true,"href":"https:\/\/msja.me\/al\/wp-json\/wp\/v2\/comments?post=1245"}],"version-history":[{"count":15,"href":"https:\/\/msja.me\/al\/wp-json\/wp\/v2\/pages\/1245\/revisions"}],"predecessor-version":[{"id":2166,"href":"https:\/\/msja.me\/al\/wp-json\/wp\/v2\/pages\/1245\/revisions\/2166"}],"wp:attachment":[{"href":"https:\/\/msja.me\/al\/wp-json\/wp\/v2\/media?parent=1245"}],"curies":[{"name":"wp","href":"https:\/\/api.w.org\/{rel}","templated":true}]}}